{"id":73,"date":"2011-12-27T16:44:47","date_gmt":"2011-12-27T15:44:47","guid":{"rendered":"http:\/\/localhost\/wordpress\/?page_id=73"},"modified":"2025-05-19T19:38:26","modified_gmt":"2025-05-19T17:38:26","slug":"krankenkasse","status":"publish","type":"page","link":"https:\/\/www.ruggestar.ch\/?page_id=73","title":{"rendered":"Krankenkasse \/ Tarif \/ AGB"},"content":{"rendered":"<h1 class=\"western\" align=\"left\"><span style=\"font-family: Candara, sans-serif; color: #000080;\">Krankenkasse\/Tarif\/AGB<\/span><\/h1>\n<p><span style=\"color: #000080;\"><span style=\"font-family: Candara, sans-serif;\">Meine Behandlung wird von der <\/span><em><span style=\"font-family: Candara, sans-serif;\">Zusatzversicherung f\u00fcr Komplement\u00e4rmedizin \/ Alternativmedizin <\/span><\/em><span style=\"font-family: Candara, sans-serif;\">bezahlt.<\/span><\/span><\/p>\n<p><span style=\"color: #000080;\"><span style=\"font-family: Candara, sans-serif;\">Ich bin bei allen Krankenkassen als <\/span><em><span style=\"font-family: Candara, sans-serif;\">Naturheilpraktikerin mit eidgen\u00f6ssischem Diplom in Traditioneller Chinesischer Medizin TCM<\/span><\/em><span style=\"font-family: Candara, sans-serif;\"> registriert.<\/span><\/span><\/p>\n<p><span style=\"color: #000080;\"><span style=\"font-family: Candara, sans-serif;\">Die H\u00f6he der Deckung h\u00e4ngt von Ihrem Versicherungsvertrag ab.<\/span><\/span><\/p>\n<p><span style=\"color: #000080;\"><span style=\"font-family: Candara, sans-serif;\">Falls Sie sich absichern m\u00f6chten, verlangen Sie bei Ihrer Krankenkasse eine <\/span><strong><span style=\"font-family: Candara, sans-serif;\">schriftliche<\/span><\/strong> <span style=\"font-family: Candara, sans-serif;\">Zusage, dass die Behandlungen bezahlt werden.<\/span><\/span><\/p>\n<hr \/>\n<p><span style=\"color: #000080;\"><span style=\"font-family: Candara, sans-serif;\">Die Behandlung kostet 132 Franken pro Stunde<\/span><\/span><\/p>\n<hr \/>\n<p><span style=\"color: #000080;\"><span style=\"font-family: Candara, sans-serif;\">Teilen Sie mir bitte Termin\u00e4nderungen oder -absagen\u00a0<\/span><strong><span style=\"font-family: Candara, sans-serif;\">zwei<\/span><\/strong> <strong><span style=\"font-family: Candara, sans-serif;\">Arbeitstage<\/span><\/strong><span style=\"font-family: Candara, sans-serif;\"> im Voraus mit, damit der Termin wieder vergeben werden kann. Vers\u00e4umte Termine werden verrechnet.<\/span><\/span><\/p>\n<p>&nbsp;<\/p>\n","protected":false},"excerpt":{"rendered":"<p>Krankenkasse\/Tarif\/AGB Meine Behandlung wird von der Zusatzversicherung f\u00fcr Komplement\u00e4rmedizin \/ Alternativmedizin bezahlt. Ich bin bei allen Krankenkassen als Naturheilpraktikerin mit eidgen\u00f6ssischem Diplom in Traditioneller Chinesischer Medizin TCM registriert. Die H\u00f6he der Deckung h\u00e4ngt von Ihrem Versicherungsvertrag ab. Falls Sie sich &hellip; <a href=\"https:\/\/www.ruggestar.ch\/?page_id=73\">Weiterlesen <span class=\"meta-nav\">&rarr;<\/span><\/a><\/p>\n","protected":false},"author":1,"featured_media":1330,"parent":0,"menu_order":5,"comment_status":"closed","ping_status":"closed","template":"","meta":{"footnotes":""},"class_list":["post-73","page","type-page","status-publish","has-post-thumbnail","hentry"],"_links":{"self":[{"href":"https:\/\/www.ruggestar.ch\/index.php?rest_route=\/wp\/v2\/pages\/73","targetHints":{"allow":["GET"]}}],"collection":[{"href":"https:\/\/www.ruggestar.ch\/index.php?rest_route=\/wp\/v2\/pages"}],"about":[{"href":"https:\/\/www.ruggestar.ch\/index.php?rest_route=\/wp\/v2\/types\/page"}],"author":[{"embeddable":true,"href":"https:\/\/www.ruggestar.ch\/index.php?rest_route=\/wp\/v2\/users\/1"}],"replies":[{"embeddable":true,"href":"https:\/\/www.ruggestar.ch\/index.php?rest_route=%2Fwp%2Fv2%2Fcomments&post=73"}],"version-history":[{"count":45,"href":"https:\/\/www.ruggestar.ch\/index.php?rest_route=\/wp\/v2\/pages\/73\/revisions"}],"predecessor-version":[{"id":2028,"href":"https:\/\/www.ruggestar.ch\/index.php?rest_route=\/wp\/v2\/pages\/73\/revisions\/2028"}],"wp:featuredmedia":[{"embeddable":true,"href":"https:\/\/www.ruggestar.ch\/index.php?rest_route=\/wp\/v2\/media\/1330"}],"wp:attachment":[{"href":"https:\/\/www.ruggestar.ch\/index.php?rest_route=%2Fwp%2Fv2%2Fmedia&parent=73"}],"curies":[{"name":"wp","href":"https:\/\/api.w.org\/{rel}","templated":true}]}}