{"id":29,"date":"2011-12-26T17:51:36","date_gmt":"2011-12-26T16:51:36","guid":{"rendered":"http:\/\/localhost\/wordpress\/?page_id=29"},"modified":"2025-05-19T19:35:03","modified_gmt":"2025-05-19T17:35:03","slug":"uber-mich","status":"publish","type":"page","link":"https:\/\/www.ruggestar.ch\/?page_id=29","title":{"rendered":"\u00dcber mich"},"content":{"rendered":"<p align=\"left\"><span style=\"color: #000080;\"><span style=\"font-family: Candara, sans-serif;\"><strong>Karin Willaredt <\/strong><\/span><a style=\"color: #000080;\" href=\"https:\/\/www.ruggestar.ch\/?attachment_id=1305\" rel=\"attachment wp-att-1305\"><img loading=\"lazy\" decoding=\"async\" class=\"alignright wp-image-1305\" src=\"https:\/\/www.ruggestar.ch\/wp-content\/uploads\/2018\/01\/DSCN0389a.jpg\" alt=\"\" width=\"176\" height=\"285\" \/><\/a><\/span><\/p>\n<p><span style=\"font-family: Candara, sans-serif; color: #000080;\">Naturheilpraktikerin mit eidgen\u00f6ssischem Diplom in Traditioneller Chinesischer Medizin TCM mit den Schwerpunkten Tui Na, Akupunktur und Herbalistik<\/span><\/p>\n<p><span style=\"font-family: Candara, sans-serif; color: #000080;\">Naturheilpraktikerin TEN NVS\/SPAK mit Therapeutischer Massage<\/span><\/p>\n<p><span style=\"color: #000080;\"><span style=\"font-family: Candara, sans-serif;\">Dipl. Taiji Lehrerin SGQT<\/span><\/span><\/p>\n<p><span style=\"color: #000080;\"><span style=\"font-family: Candara, sans-serif;\">Spiraldynamik\u00ae Fachkraft Basic Level<\/span><\/span><\/p>\n<p>&nbsp;<\/p>\n<hr \/>\n<p align=\"right\"><span style=\"color: #000080;\"><span style=\"font-family: Candara, sans-serif;\">\u00dcber 20 Jahre war ich als Arzthelferin und Arztsekret\u00e4rin t\u00e4tig<\/span><\/span><\/p>\n<p align=\"right\"><span style=\"font-family: Candara, sans-serif; color: #000080;\">1997 \u2013 1998 Ausbildung mental-energetische Atlasreposition MEAR<br \/>\n1999 Ausbildung Wirbels\u00e4ulenvitalisierung nach Dorn und Breuss<br \/>\n1999 \u2013 2002 Ausbildung Naturheilpraktikerin bei Natur\u00e4rztevereinigung Schweiz (NVS)<br \/>\nAb Oktober 2002 Jin Shin Jyutsu \u2013 Kurse<br \/>\nAb 2003 Besuch von Qi Gong- und Taiji-Kursen<br \/>\n2004 \u2013 2005 Ausbildung Klassische Ganzk\u00f6rpermassage (Bodyfeet)<br \/>\n2005 Ausbildung Therapeutische Massage\/Triggerpunkttherapie (Bodyfeet)<br \/>\n2006 \u2013 2010 Taiji-Lehrer-Ausbildung (Yang-Stil nach Patrick Kelly und Professor Cheng Man-ch\u2019ing, Taijiquan nach Chungliang Al Huang)<br \/>\n2008 Dynamische Wirbels\u00e4ulentherapie nach POPP<br \/>\n2008 Fussreflexzonenmassage (Bodyfeet)<br \/>\n2010 Diplom Taiji-Lehrer Yang-Stil<br \/>\n2011 \u2013 2013 Ausbildung Spiraldynamik Basic Move (Spiraldynamik Akademie Z\u00fcrich)<br \/>\nSeit 2013 Studium Traditionelle Chinesische Medizin TCM (Biomedica)<br \/>\nFebruar 2017 Diplom Tui Na \/ An Mo (Massage der TCM)<br \/>\nOktober 2017 Diplom Akupunktur<br \/>\nNovember 2021 Diplom Herbalistik TCM<br \/>\nMai 2023 H\u00f6here Fachpr\u00fcfung Naturheilpraktikerin TCM<\/span><\/p>\n<hr \/>\n<p align=\"right\"><span style=\"font-family: Candara, sans-serif; color: #000080;\">Eigene Praxis seit Dezember 2002<br \/>\nSeit 2008 unterrichte ich Taiji<\/span><\/p>\n","protected":false},"excerpt":{"rendered":"<p>Karin Willaredt Naturheilpraktikerin mit eidgen\u00f6ssischem Diplom in Traditioneller Chinesischer Medizin TCM mit den Schwerpunkten Tui Na, Akupunktur und Herbalistik Naturheilpraktikerin TEN NVS\/SPAK mit Therapeutischer Massage Dipl. Taiji Lehrerin SGQT Spiraldynamik\u00ae Fachkraft Basic Level &nbsp; \u00dcber 20 Jahre war ich als &hellip; <a href=\"https:\/\/www.ruggestar.ch\/?page_id=29\">Weiterlesen <span class=\"meta-nav\">&rarr;<\/span><\/a><\/p>\n","protected":false},"author":1,"featured_media":2033,"parent":0,"menu_order":4,"comment_status":"closed","ping_status":"closed","template":"","meta":{"footnotes":""},"class_list":["post-29","page","type-page","status-publish","has-post-thumbnail","hentry"],"_links":{"self":[{"href":"https:\/\/www.ruggestar.ch\/index.php?rest_route=\/wp\/v2\/pages\/29","targetHints":{"allow":["GET"]}}],"collection":[{"href":"https:\/\/www.ruggestar.ch\/index.php?rest_route=\/wp\/v2\/pages"}],"about":[{"href":"https:\/\/www.ruggestar.ch\/index.php?rest_route=\/wp\/v2\/types\/page"}],"author":[{"embeddable":true,"href":"https:\/\/www.ruggestar.ch\/index.php?rest_route=\/wp\/v2\/users\/1"}],"replies":[{"embeddable":true,"href":"https:\/\/www.ruggestar.ch\/index.php?rest_route=%2Fwp%2Fv2%2Fcomments&post=29"}],"version-history":[{"count":89,"href":"https:\/\/www.ruggestar.ch\/index.php?rest_route=\/wp\/v2\/pages\/29\/revisions"}],"predecessor-version":[{"id":2025,"href":"https:\/\/www.ruggestar.ch\/index.php?rest_route=\/wp\/v2\/pages\/29\/revisions\/2025"}],"wp:featuredmedia":[{"embeddable":true,"href":"https:\/\/www.ruggestar.ch\/index.php?rest_route=\/wp\/v2\/media\/2033"}],"wp:attachment":[{"href":"https:\/\/www.ruggestar.ch\/index.php?rest_route=%2Fwp%2Fv2%2Fmedia&parent=29"}],"curies":[{"name":"wp","href":"https:\/\/api.w.org\/{rel}","templated":true}]}}