{"id":1881,"date":"2023-10-07T12:28:54","date_gmt":"2023-10-07T10:28:54","guid":{"rendered":"https:\/\/www.ruggestar.ch\/?page_id=1881"},"modified":"2023-10-31T10:56:10","modified_gmt":"2023-10-31T09:56:10","slug":"datenschutz","status":"publish","type":"page","link":"https:\/\/www.ruggestar.ch\/?page_id=1881","title":{"rendered":"Datenschutz"},"content":{"rendered":"<p><span style=\"color: #800080;\"><strong>auf meiner Homepage<\/strong><\/span><\/p>\n<p>Meine Homepage ist rein informativ. Da Ihnen ein Login und ein Eingeben pers\u00f6nlicher Daten nicht m\u00f6glich ist, k\u00f6nnen meinerseits keine Daten gesammelt werden. Ich verwende keine Analyse-Programme. Die Links f\u00fchren zu Hompages anderer Therapeuten oder Verb\u00e4nde. Bei deren Anklicken treten die Datenschutzbestimmungen der angew\u00e4hlten Homepage in Kraft.<\/p>\n<p>Bei mehreren vergeblichen Login-Versuchen wird Ihre IP-Adresse gesperrt und gespeichert.<\/p>\n<p>Von mir verwendete Programme und Plugins:<\/p>\n<ul>\n<li>WordPress<\/li>\n<li>WP Security<\/li>\n<li>Classic Editor<\/li>\n<li>Cudazi Scroll on Top<\/li>\n<\/ul>\n<p>&nbsp;<\/p>\n<p><strong><span style=\"color: #800080;\">in meiner Praxis<\/span><\/strong><\/p>\n<p>Sobald in meiner Praxis eine Patientenakte f\u00fcr Sie angelegt wurde, tritt die &#8222;\u00e4rztliche&#8220; Schweigepflicht in Kraft. Ihre pers\u00f6nlichen Daten und meine Notizen zu Gespr\u00e4chen und Behandlungen befinden sich alle in einer Patientenakte in Papierform, welche in einem abschliessbaren Datenschrank aufbewahrt wird, zu dem nur ich Zugang habe.<\/p>\n<p>Sollte ein Angeh\u00f6riger Auskunft \u00fcber unsere Behandlung w\u00fcnschen, d\u00fcrfen Sie diesen zur Behandlung mitbringen. Ohne Ihre Anwesenheit erteile ich keine Ausk\u00fcnfte.<\/p>\n<p>Ich arbeite zurzeit allein. Das Login f\u00fcr meinen B\u00fcrocomputer ist nur mir bekannt und ich arbeite mit einer station\u00e4ren Praxissoftware, welche ich selber warte. Es werden keine Daten in der Cloud gespeichert. Ab und zu erstelle ich mit meinem Tablet ein Foto; dieses hat keine SIM-Karte und keinen Internet-Anschluss.<\/p>\n<p>Auf meinem Gesch\u00e4ftshandy speichere ich Ihren Namen und Ihre Telefonnummer (keine weiteren Daten). Es ist &#8211; wie auch mein Computer &#8211; mit einem professionellen Virenscanner gesch\u00fctzt. \u00dcber WhatsApp, Threema, SMS oder E-Mail versende ich keine Texte, welche Angaben \u00fcber Beschwerden beinhalten. Sollten Sie mir Berichte \u00fcber diese Kan\u00e4le zuschicken, liegt dies in Ihrer Verantwortung. Eine pers\u00f6nliche \u00dcbergabe von Befundkopien garantiert den Datenschutz.<\/p>\n<p>Berichte an \u00c4rzte, Therapeuten oder Krankenkassen erstelle ich mit Ihrem Einverst\u00e4ndnis und versende sie per Post. Rechnungen erstelle ich selber und versende sie per Post.<\/p>\n","protected":false},"excerpt":{"rendered":"<p>auf meiner Homepage Meine Homepage ist rein informativ. Da Ihnen ein Login und ein Eingeben pers\u00f6nlicher Daten nicht m\u00f6glich ist, k\u00f6nnen meinerseits keine Daten gesammelt werden. Ich verwende keine Analyse-Programme. Die Links f\u00fchren zu Hompages anderer Therapeuten oder Verb\u00e4nde. Bei &hellip; <a href=\"https:\/\/www.ruggestar.ch\/?page_id=1881\">Weiterlesen <span class=\"meta-nav\">&rarr;<\/span><\/a><\/p>\n","protected":false},"author":1,"featured_media":1884,"parent":0,"menu_order":7,"comment_status":"closed","ping_status":"closed","template":"","meta":{"footnotes":""},"class_list":["post-1881","page","type-page","status-publish","has-post-thumbnail","hentry"],"_links":{"self":[{"href":"https:\/\/www.ruggestar.ch\/index.php?rest_route=\/wp\/v2\/pages\/1881","targetHints":{"allow":["GET"]}}],"collection":[{"href":"https:\/\/www.ruggestar.ch\/index.php?rest_route=\/wp\/v2\/pages"}],"about":[{"href":"https:\/\/www.ruggestar.ch\/index.php?rest_route=\/wp\/v2\/types\/page"}],"author":[{"embeddable":true,"href":"https:\/\/www.ruggestar.ch\/index.php?rest_route=\/wp\/v2\/users\/1"}],"replies":[{"embeddable":true,"href":"https:\/\/www.ruggestar.ch\/index.php?rest_route=%2Fwp%2Fv2%2Fcomments&post=1881"}],"version-history":[{"count":5,"href":"https:\/\/www.ruggestar.ch\/index.php?rest_route=\/wp\/v2\/pages\/1881\/revisions"}],"predecessor-version":[{"id":1891,"href":"https:\/\/www.ruggestar.ch\/index.php?rest_route=\/wp\/v2\/pages\/1881\/revisions\/1891"}],"wp:featuredmedia":[{"embeddable":true,"href":"https:\/\/www.ruggestar.ch\/index.php?rest_route=\/wp\/v2\/media\/1884"}],"wp:attachment":[{"href":"https:\/\/www.ruggestar.ch\/index.php?rest_route=%2Fwp%2Fv2%2Fmedia&parent=1881"}],"curies":[{"name":"wp","href":"https:\/\/api.w.org\/{rel}","templated":true}]}}