{"id":1501,"date":"2018-10-31T17:23:48","date_gmt":"2018-10-31T16:23:48","guid":{"rendered":"http:\/\/www.ruggestar.ch\/?page_id=1501"},"modified":"2025-05-19T19:13:05","modified_gmt":"2025-05-19T17:13:05","slug":"links","status":"publish","type":"page","link":"https:\/\/www.ruggestar.ch\/?page_id=1501","title":{"rendered":"Links"},"content":{"rendered":"<p align=\"left\"><span style=\"font-family: Candara, sans-serif; color: #000080;\"><strong>Therapeuten \/ Fitness:<\/strong><\/span><\/p>\n<ul>\n<li style=\"list-style-type: none;\">\n<ul>\n<li><span style=\"color: #000080;\"><a style=\"color: #000080;\" href=\"https:\/\/www.sonne-jupiter.ch\/\" target=\"_blank\" rel=\"noopener\"><span style=\"font-family: Candara, sans-serif;\">Denise Nicolis<\/span><\/a><span style=\"font-family: Candara, sans-serif;\"> Prozessorientierte Begleitung \/ K\u00f6rperbehandlungen \/ Mediale Beratung \/ Astrologie<\/span><\/span><\/li>\n<\/ul>\n<\/li>\n<\/ul>\n<ul>\n<li style=\"list-style-type: none;\">\n<ul>\n<li><span style=\"color: #000080;\"><a style=\"color: #000080;\" href=\"https:\/\/www.pewe-gesundheitstraining.ch\/start\/bewegungsraum\/stundenplan\/\" target=\"_blank\" rel=\"noopener\"><span style=\"font-family: Candara, sans-serif;\">Bewegungsraum Sch\u00f6fflisdorf<\/span><\/a><span style=\"font-family: Candara, sans-serif;\"> Spiraldynamik und vieles mehr<\/span><\/span><\/li>\n<\/ul>\n<\/li>\n<\/ul>\n<ul>\n<li style=\"list-style-type: none;\">\n<ul>\n<li><span style=\"color: #000080;\"><a style=\"color: #000080;\" href=\"http:\/\/zurbalance.ch\/\" target=\"_blank\" rel=\"noopener\"><span style=\"font-family: Candara, sans-serif;\">Gaby Imhof<\/span><\/a><span style=\"font-family: Candara, sans-serif;\"> Integrative Kinesiologie<\/span><\/span><\/li>\n<\/ul>\n<\/li>\n<\/ul>\n<ul>\n<li style=\"list-style-type: none;\">\n<ul>\n<li><span style=\"color: #000080;\"><a style=\"color: #000080;\" href=\"https:\/\/www.space2be.ch\/craniosacral-therapie\/\" target=\"_blank\" rel=\"noopener\"><span style=\"font-family: Candara, sans-serif;\">Marko Nedeljkovi\u0107<\/span><\/a><span style=\"font-family: Candara, sans-serif;\"> Craniosakral-Therapie, Taiji und Qigong<\/span><\/span><\/li>\n<\/ul>\n<\/li>\n<\/ul>\n<p>&nbsp;<\/p>\n<p><span style=\"color: #000080;\"><strong><span style=\"font-family: Candara, sans-serif;\">Berufsverb\u00e4nde \/ Qualit\u00e4tslabel:<\/span><\/strong><\/span><\/p>\n<ul>\n<li style=\"list-style-type: none;\">\n<ul>\n<li><span style=\"color: #000080;\"><a style=\"color: #000080;\" href=\"https:\/\/www.sgqt.ch\/mitgliederliste\/mitglied\/karinwillaredt\/\" target=\"_blank\" rel=\"noopener\"><span style=\"font-family: Candara, sans-serif;\">SGQT<\/span><\/a><span style=\"font-family: Candara, sans-serif;\">\u00a0Schweizerische Gesellschaft f\u00fcr Qigong und Taijiquan<\/span><\/span><\/li>\n<\/ul>\n<\/li>\n<\/ul>\n<ul>\n<li style=\"list-style-type: none;\">\n<ul>\n<li><span style=\"color: #000080;\"><a style=\"color: #000080;\" href=\"https:\/\/www.tcm-therapeuten.ch\/user\/willaredtkarin\/\" target=\"_blank\" rel=\"noopener\"><span style=\"font-family: Candara, sans-serif;\">TCM<\/span><span style=\"font-family: Candara, sans-serif;\"> Fachverband Schweiz<\/span><\/a><\/span><\/li>\n<\/ul>\n<\/li>\n<\/ul>\n<ul>\n<li style=\"list-style-type: none;\">\n<ul>\n<li><span style=\"color: #000080;\"><a style=\"color: #000080;\" href=\"https:\/\/nvs.swiss\/suchverzeichnisse\/therapierende\/user\/2954\" target=\"_blank\" rel=\"noopener\"><span style=\"font-family: Candara, sans-serif;\">Natur\u00e4rztevereinigung<\/span><\/a><span style=\"font-family: Candara, sans-serif;\"> Schweiz NVS<\/span><\/span><\/li>\n<\/ul>\n<\/li>\n<\/ul>\n<ul>\n<li style=\"list-style-type: none;\">\n<ul>\n<li><span style=\"color: #000080;\"><a style=\"color: #000080;\" href=\"https:\/\/www.emindex.ch\/hp\/home.las?s=karin.willaredt\" target=\"_blank\" rel=\"noopener\"><span style=\"font-family: Candara, sans-serif;\">EMR<\/span><\/a><span style=\"font-family: Candara, sans-serif;\"> Erfahrungsmedizinisches Register<\/span><\/span><\/li>\n<\/ul>\n<\/li>\n<\/ul>\n<p>&nbsp;<\/p>\n","protected":false},"excerpt":{"rendered":"<p>Therapeuten \/ Fitness: Denise Nicolis Prozessorientierte Begleitung \/ K\u00f6rperbehandlungen \/ Mediale Beratung \/ Astrologie Bewegungsraum Sch\u00f6fflisdorf Spiraldynamik und vieles mehr Gaby Imhof Integrative Kinesiologie Marko Nedeljkovi\u0107 Craniosakral-Therapie, Taiji und Qigong &nbsp; Berufsverb\u00e4nde \/ Qualit\u00e4tslabel: SGQT\u00a0Schweizerische Gesellschaft f\u00fcr Qigong und Taijiquan &hellip; <a href=\"https:\/\/www.ruggestar.ch\/?page_id=1501\">Weiterlesen <span class=\"meta-nav\">&rarr;<\/span><\/a><\/p>\n","protected":false},"author":1,"featured_media":122,"parent":0,"menu_order":8,"comment_status":"closed","ping_status":"closed","template":"","meta":{"footnotes":""},"class_list":["post-1501","page","type-page","status-publish","has-post-thumbnail","hentry"],"_links":{"self":[{"href":"https:\/\/www.ruggestar.ch\/index.php?rest_route=\/wp\/v2\/pages\/1501","targetHints":{"allow":["GET"]}}],"collection":[{"href":"https:\/\/www.ruggestar.ch\/index.php?rest_route=\/wp\/v2\/pages"}],"about":[{"href":"https:\/\/www.ruggestar.ch\/index.php?rest_route=\/wp\/v2\/types\/page"}],"author":[{"embeddable":true,"href":"https:\/\/www.ruggestar.ch\/index.php?rest_route=\/wp\/v2\/users\/1"}],"replies":[{"embeddable":true,"href":"https:\/\/www.ruggestar.ch\/index.php?rest_route=%2Fwp%2Fv2%2Fcomments&post=1501"}],"version-history":[{"count":43,"href":"https:\/\/www.ruggestar.ch\/index.php?rest_route=\/wp\/v2\/pages\/1501\/revisions"}],"predecessor-version":[{"id":2026,"href":"https:\/\/www.ruggestar.ch\/index.php?rest_route=\/wp\/v2\/pages\/1501\/revisions\/2026"}],"wp:featuredmedia":[{"embeddable":true,"href":"https:\/\/www.ruggestar.ch\/index.php?rest_route=\/wp\/v2\/media\/122"}],"wp:attachment":[{"href":"https:\/\/www.ruggestar.ch\/index.php?rest_route=%2Fwp%2Fv2%2Fmedia&parent=1501"}],"curies":[{"name":"wp","href":"https:\/\/api.w.org\/{rel}","templated":true}]}}